{"id":1659,"date":"2025-10-18T18:55:14","date_gmt":"2025-10-18T21:55:14","guid":{"rendered":"https:\/\/contratavoce.com\/novosite\/?page_id=1659"},"modified":"2025-11-01T14:56:31","modified_gmt":"2025-11-01T17:56:31","slug":"home","status":"publish","type":"page","link":"https:\/\/contratavoce.com\/novosite\/","title":{"rendered":"Contrata Voc\u00ea"},"content":{"rendered":"<p>Uma<strong> lideran\u00e7a inspiradora<\/strong> \u00e9 capaz de influenciar muito al\u00e9m da sua equipe! L\u00edderes n\u00e3o s\u00e3o meramente figuras autorit\u00e1rias; eles &hellip;<\/p>","protected":false},"excerpt":{"rendered":"<p>Uma<strong> lideran\u00e7a inspiradora<\/strong> \u00e9 capaz de influenciar muito al\u00e9m da sua equipe! L\u00edderes n\u00e3o s\u00e3o meramente figuras autorit\u00e1rias; eles &hellip;<\/p>","protected":false},"author":1,"featured_media":0,"parent":0,"menu_order":0,"comment_status":"closed","ping_status":"closed","template":"","meta":{"site-sidebar-layout":"no-sidebar","site-content-layout":"","ast-site-content-layout":"full-width-container","site-content-style":"default","site-sidebar-style":"default","ast-global-header-display":"","ast-banner-title-visibility":"","ast-main-header-display":"","ast-hfb-above-header-display":"","ast-hfb-below-header-display":"","ast-hfb-mobile-header-display":"","site-post-title":"","ast-breadcrumbs-content":"","ast-featured-img":"disabled","footer-sml-layout":"","theme-transparent-header-meta":"","adv-header-id-meta":"","stick-header-meta":"","header-above-stick-meta":"","header-main-stick-meta":"","header-below-stick-meta":"","astra-migrate-meta-layouts":"default","ast-page-background-enabled":"default","ast-page-background-meta":{"desktop":{"background-color":"var(--ast-global-color-5)","background-image":"","background-repeat":"repeat","background-position":"center center","background-size":"auto","background-attachment":"scroll","background-type":"","background-media":"","overlay-type":"","overlay-color":"","overlay-opacity":"","overlay-gradient":""},"tablet":{"background-color":"","background-image":"","background-repeat":"repeat","background-position":"center center","background-size":"auto","background-attachment":"scroll","background-type":"","background-media":"","overlay-type":"","overlay-color":"","overlay-opacity":"","overlay-gradient":""},"mobile":{"background-color":"","background-image":"","background-repeat":"repeat","background-position":"center center","background-size":"auto","background-attachment":"scroll","background-type":"","background-media":"","overlay-type":"","overlay-color":"","overlay-opacity":"","overlay-gradient":""}},"ast-content-background-meta":{"desktop":{"background-color":"var(--ast-global-color-4)","background-image":"","background-repeat":"repeat","background-position":"center center","background-size":"auto","background-attachment":"scroll","background-type":"","background-media":"","overlay-type":"","overlay-color":"","overlay-opacity":"","overlay-gradient":""},"tablet":{"background-color":"var(--ast-global-color-4)","background-image":"","background-repeat":"repeat","background-position":"center center","background-size":"auto","background-attachment":"scroll","background-type":"","background-media":"","overlay-type":"","overlay-color":"","overlay-opacity":"","overlay-gradient":""},"mobile":{"background-color":"var(--ast-global-color-4)","background-image":"","background-repeat":"repeat","background-position":"center center","background-size":"auto","background-attachment":"scroll","background-type":"","background-media":"","overlay-type":"","overlay-color":"","overlay-opacity":"","overlay-gradient":""}},"footnotes":""},"class_list":["post-1659","page","type-page","status-publish","hentry"],"_links":{"self":[{"href":"https:\/\/contratavoce.com\/novosite\/wp-json\/wp\/v2\/pages\/1659","targetHints":{"allow":["GET"]}}],"collection":[{"href":"https:\/\/contratavoce.com\/novosite\/wp-json\/wp\/v2\/pages"}],"about":[{"href":"https:\/\/contratavoce.com\/novosite\/wp-json\/wp\/v2\/types\/page"}],"author":[{"embeddable":true,"href":"https:\/\/contratavoce.com\/novosite\/wp-json\/wp\/v2\/users\/1"}],"replies":[{"embeddable":true,"href":"https:\/\/contratavoce.com\/novosite\/wp-json\/wp\/v2\/comments?post=1659"}],"version-history":[{"count":169,"href":"https:\/\/contratavoce.com\/novosite\/wp-json\/wp\/v2\/pages\/1659\/revisions"}],"predecessor-version":[{"id":2310,"href":"https:\/\/contratavoce.com\/novosite\/wp-json\/wp\/v2\/pages\/1659\/revisions\/2310"}],"wp:attachment":[{"href":"https:\/\/contratavoce.com\/novosite\/wp-json\/wp\/v2\/media?parent=1659"}],"curies":[{"name":"wp","href":"https:\/\/api.w.org\/{rel}","templated":true}]}}